{"id":48,"date":"2016-03-29T14:05:37","date_gmt":"2016-03-29T13:05:37","guid":{"rendered":"http:\/\/dev-papillons.com\/?page_id=48&#038;lang=en"},"modified":"2016-08-29T14:42:49","modified_gmt":"2016-08-29T13:42:49","slug":"home","status":"publish","type":"page","link":"https:\/\/www.tropique-du-papillon.com\/ca\/","title":{"rendered":"Acolliment"},"content":{"rendered":"<h2>Si v\u00e8ieu una papallona, \u00e9s que dem\u00e0 far\u00e0 bon temps!<\/h2>\n<p>La papallona blanca anuncia la primavera amb gr\u00e0cia i lleugeresa.<br \/>\nSituat entre Elna, <a href=\"http:\/\/www.tropique-du-papillon.com\/infos-pratiques\/\" target=\"_blank\">Sant Cebri\u00e0 i Argelers de la Marenda<\/a>, sempre hi fa bo al Tr\u00f2pic de les papallones.<\/p>\n<h3>Una experi\u00e8ncia ex\u00f2tica, l\u00fadica i pedag\u00f2gica<\/h3>\n<p>Benvinguts al Pa\u00eds tropical!<br \/>\nJa hi sou! Esteu en immersi\u00f3 en l&#8217;ambient natural de centenars de papallones tropicals provinents d&#8217;\u00c0frica i d\u2019Am\u00e8rica llatina, en plena llibertat.<br \/>\nAdmireu el vol lleuger de les papallones que us envolten en aquest jard\u00ed tropical de flors i plantes rares. Les veureu a prop, molt a prop! Aqu\u00ed les papallones no tenen por, fins i tot se us posen a sobre les espatlles\u2026<\/p>\n<h3>Un espectacle extraordinari<\/h3>\n<p>Els vostres fills us faran tantes preguntes\u2026 Un especialista respondr\u00e0 a petits i grans. Us aprendr\u00e0 a observar el m\u00f3n dels insectes i us explicar\u00e0 la vida de les papallones i del seu medi ambient. Tota la fam\u00edlia es meravellar\u00e0 davant dels nous naixements,  cercant els ous entre les fulles, admirant les larves menjant o fent la seva metamorfosi en cris\u00e0lides. Sou els nous exploradors!<\/p>\n<h3>El jard\u00ed mediterrani<\/h3>\n<p>Allargueu a visita en un agradable jard\u00ed mediterrani.<br \/>\n\u00c9s un moment de rep\u00f2s per compartir la nostra passi\u00f3 i presentar-vos el m\u00f3n fascinant i ocult de les papallones. \u00c9s l\u2019ocasi\u00f3 perqu\u00e8 el p\u00fablic i les escoles es sensibilitzin al rol necessari de les papallones a la natura i fer-vos con\u00e8ixer els petits gestos per a preservar-les.<\/p>\n<h3>Una pausa curta \u00abA la fi del m\u00f3n\u00bb<\/h3>\n<p>I s\u00ed! Pensem en tot! Despr\u00e9s de la calor i la humitat de l\u2019ocellera, voletejareu naturalment cap al bar exterior de l\u2019ocellera per relaxar-vos un poc, aprofitant i allargant aquesta experi\u00e8ncia \u00fanica.<\/p>\n<blockquote><p>Coneixeu realment les papallones?<br \/>\nSabeu el temps que dura la seva vida?<br \/>\nQuines particularitats tenen?<br \/>\nEl Tr\u00f2pic de les papallones \u00e9s un lloc m\u00e0gic que us ho revelar\u00e0 tot d\u2019aquests insectes.\n<\/p><\/blockquote>\n","protected":false},"excerpt":{"rendered":"<p>Si v\u00e8ieu una papallona, \u00e9s que dem\u00e0 far\u00e0 bon temps! La papallona blanca anuncia la primavera amb gr\u00e0cia i lleugeresa. Situat entre Elna, Sant Cebri\u00e0 i Argelers de la Marenda, sempre hi fa bo al Tr\u00f2pic de les papallones. Una experi\u00e8ncia ex\u00f2tica, l\u00fadica i pedag\u00f2gica Benvinguts al Pa\u00eds tropical! Ja hi sou! Esteu en immersi\u00f3 [&hellip;]<\/p>\n","protected":false},"author":1,"featured_media":0,"parent":0,"menu_order":0,"comment_status":"closed","ping_status":"closed","template":"template-custom\/homepage.php","meta":{"ngg_post_thumbnail":0},"_links":{"self":[{"href":"https:\/\/www.tropique-du-papillon.com\/ca\/wp-json\/wp\/v2\/pages\/48"}],"collection":[{"href":"https:\/\/www.tropique-du-papillon.com\/ca\/wp-json\/wp\/v2\/pages"}],"about":[{"href":"https:\/\/www.tropique-du-papillon.com\/ca\/wp-json\/wp\/v2\/types\/page"}],"author":[{"embeddable":true,"href":"https:\/\/www.tropique-du-papillon.com\/ca\/wp-json\/wp\/v2\/users\/1"}],"replies":[{"embeddable":true,"href":"https:\/\/www.tropique-du-papillon.com\/ca\/wp-json\/wp\/v2\/comments?post=48"}],"version-history":[{"count":5,"href":"https:\/\/www.tropique-du-papillon.com\/ca\/wp-json\/wp\/v2\/pages\/48\/revisions"}],"predecessor-version":[{"id":1504,"href":"https:\/\/www.tropique-du-papillon.com\/ca\/wp-json\/wp\/v2\/pages\/48\/revisions\/1504"}],"wp:attachment":[{"href":"https:\/\/www.tropique-du-papillon.com\/ca\/wp-json\/wp\/v2\/media?parent=48"}],"curies":[{"name":"wp","href":"https:\/\/api.w.org\/{rel}","templated":true}]}}