{"id":1530,"date":"2016-03-31T16:02:30","date_gmt":"2016-03-31T15:02:30","guid":{"rendered":"http:\/\/www.tropique-du-papillon.com\/ca\/?page_id=1530"},"modified":"2026-04-01T11:06:25","modified_gmt":"2026-04-01T10:06:25","slug":"infos-pratiques","status":"publish","type":"page","link":"https:\/\/www.tropique-du-papillon.com\/ca\/infos-pratiques\/","title":{"rendered":"Infos pratiques"},"content":{"rendered":"<p><a href=\"https:\/\/www.tropique-du-papillon.com\/non-classe\/2234\/\" target=\"_blank\" rel=\"noopener noreferrer\"><img decoding=\"async\" class=\"size-full wp-image-793 alignnone\" style=\"margin-right: 10px;\" src=\"http:\/\/www.tropique-du-papillon.com\/wp-content\/uploads\/2016\/03\/download.png\" alt=\"download\" width=\"24\" height=\"24\">T\u00e9l\u00e9chargez la brochure&nbsp;<\/a><\/p>\n<h2>Buvette et Restauration :<\/h2>\n<p><strong>&#8220;Le Scarab\u00e9e bar&#8221;<\/strong>, situ\u00e9 \u00e0 l&#8217;entr\u00e9e de la voli\u00e8re, \u00e0 l\u2019ombre des arbres, vous propose des petits mets sal\u00e9es, des cr\u00eapes sucr\u00e9es bio, des glaces et sorbets artisanaux et des boissons fra\u00eeches. Vous pouvez y acc\u00e9der m\u00eame si vous ne visitez pas le parc. Ambiance joyeuse et color\u00e9e !<\/p>\n<h2>Visite guid\u00e9e de groupes :<\/h2>\n<p>&nbsp;Pour mieux partager notre exp\u00e9rience, nous avons mis en place des visites guid\u00e9es. Conna\u00eetre la vie du papillon, sa mani\u00e8re de manger ou ses syst\u00e8mes de protection. Apprendre \u00e0 les reconna\u00eetre et savoir leur importance dans l\u2019\u00e9cosyst\u00e8me\u2026 autant de th\u00e8mes qui seront trait\u00e9s par un animateur nature ou un sp\u00e9cialiste des l\u00e9pidopt\u00e8res.&nbsp;<strong>Accessibles aux groupes de plus de 10 personnes. Demander un devis. Sous r\u00e9servation uniquement.<\/strong><\/p>\n<h2>Visite des \u00e9coles et des centres a\u00e9r\u00e9s<\/h2>\n<p><strong>La visite de la voli\u00e8re peut s\u2019effectuer en visite libre ou en visite guid\u00e9e.&nbsp;<\/strong>Quelque soit votre choix, la ou les classes sont divis\u00e9es en plusieurs groupes avec un maximum de 15 enfants par groupe, de mani\u00e8re \u00e0 profiter pleinement de la voli\u00e8re. La visite du jardin ext\u00e9rieur (~1 hectare) est ouverte \u00e0 tous. Elle propose des coins ombrag\u00e9s, des vues sur des bassins, des tables de pique-nique. Des panneaux explicatifs sur les insectes et leurs r\u00f4les dans l&#8217;\u00e9cosyst\u00e8me y sont install\u00e9s. Un petit jeu d&#8217;exploration du jardin est \u00e0 disposition.<\/p>\n<p style=\"text-align: justify;\"><!--more--><\/p>\n<p style=\"text-align: justify;\"><strong>Si vous choisissez la visite guid\u00e9e, <\/strong>nous effectuons une rotation dans la voli\u00e8re pendant laquelle lorsqu\u2019un groupe d\u00e9couvre les papillons tropicaux et assiste aux explications d&#8217;un guide, les autres groupes ont des activit\u00e9s cr\u00e9atives et visitent le jardin ext\u00e9rieur<em>. <\/em>Les activit\u00e9s cr\u00e9atives&nbsp;propos\u00e9es par le Tropique du papillon sont renouvel\u00e9s chaque ann\u00e9e. Le guide de la voli\u00e8re aborde&nbsp;:&nbsp;le cycle de vie, le mode de vie, les notions de pr\u00e9dateurs, de pollinisateurs&#8230;&nbsp; Les explications sont adapt\u00e9es \u00e0 l&#8217;\u00e2ge des enfants.<\/p>\n<p style=\"text-align: justify;\">La visite guid\u00e9e peut \u00eatre encore agr\u00e9ment\u00e9e par des ateliers suppl\u00e9mentaires.&nbsp;Nous travaillons \u00e9galement en collaboration avec des associations, proposant des ateliers ludiques et \u00e9ducatifs suppl\u00e9mentaires. Ils interviennent dans les jardins, en compl\u00e9ment de la visite de la voli\u00e8re et des activit\u00e9s cr\u00e9atives propos\u00e9es.&nbsp;<\/p>\n<p style=\"text-align: justify;\">Il faut compter environ&nbsp;une demi-journ\u00e9e pour la visite de la voli\u00e8re&nbsp;et du jardin m\u00e9diterran\u00e9en. Si vous souhaitez passer la journ\u00e9e, un atelier suppl\u00e9mentaire est vivement conseill\u00e9. Contactez-nous pour en discuter. Il est possible de pique-niquer sur place (le sp\u00e9cifier lors de la r\u00e9servation).&nbsp;<strong>Accessibles aux \u00e9coles ou centres a\u00e9r\u00e9s. Demander un devis. Sous r\u00e9servation uniquement.<\/strong><\/p>\n<h2>&nbsp;<\/h2>\n<h2>Horaires &nbsp;:&nbsp; <strong>Ouverture le 18 AVRIL 2026<\/strong><\/h2>\n<p><strong>du 18 Avril<\/strong> <strong>au 4 MAI 2026<\/strong> : 11h-18h, <strong>tous les jours&nbsp;<\/strong><\/p>\n<p><strong>Mai : <\/strong>10h-18h, <strong>les mercredis, week-ends et jours f\u00e9ri\u00e9s<\/strong><\/p>\n<p><strong>Juin : <\/strong>10h-19h, <strong>les mercredis, week-ends et jours f\u00e9ri\u00e9s<\/strong><\/p>\n<p><strong>Juillet et Ao\u00fbt&nbsp; : <\/strong>10h-19h, <strong>tous les jours<\/strong><\/p>\n<p><strong>Septembre<\/strong> : 10h -18h, les <strong>mercredis, week-ends<\/strong>. FERMETURE LE 21\/09\/2026&nbsp;<\/p>\n<p>Jour de fermeture exceptionnel : Lors de situations climatiques tr\u00e8s d\u00e9grad\u00e9es, une fermeture exceptionnelle peut \u00eatre d\u00e9cid\u00e9e dans l&#8217;int\u00e9r\u00eat des papillons comme de nous tous. Nous vous prions de nous excuser. Aussi, lors de ces situations climatiques, nous vous invitons \u00e0 nous t\u00e9l\u00e9phoner afin de vous assurer que nous sommes bien ouvert.<\/p>\n<p>&nbsp;<\/p>\n<h2><strong>RESERVATIONS en ligne :<\/strong><\/h2>\n<p>&nbsp;<img decoding=\"async\" class=\"\" src=\"https:\/\/reservation.elloha.com\/Pdf\/QrCode\/110cfac2-32cd-46ad-9d1e-39cfdb6c7cf6?data=https:\/\/tinyurl.com\/243od3xw&amp;isUrl=true\" width=\"108\" height=\"108\"><\/p>\n<p>&nbsp;<\/p>\n<h2>Acc\u00e8s : itin\u00e9raire guid\u00e9e sur le plan<\/h2>\n<p><strong>Itin\u00e9raire guid\u00e9e en cliquant sur le plan ci dessous.<\/strong><\/p>\n<p>Adresse : Avenue Narcisse Planas, Elne (En face du stade Paul Reig \/ direction la plaine des sports) Sortie n\u00b06 en provenance de Perpignan (D914) puis contourner le village et prendre direction Argel\u00e8s sur mer. Sortie n\u00b0 8 en provenance d\u2019Argel\u00e8s sur mer (D914), \u00e0 700 m\u00e8tres \u00e0 gauche. \n\n\n<!-- This file should primarily consist of HTML with a little bit of PHP. -->\n<div data-nekomapid=\"69e2314d099e4\" data-language=\"ca\" class=\"neko-gmap neko_gmap_default \n  neko_gmap_medium neko_gmap_roadmap \">\n<\/div>\n\n<div class=\"get-direction\">\n  <form id=\"map-direction\" class=\"form-horizontal clearfix row\" method=\"post\" action=\"\">\n  <div class=\"col-md-9\">\n      <label>Calculi la seva ruta<\/label>\n      <input type=\"text\" class=\"form-control\" id=\"start\" placeholder=\"Introdu\u00efu un punt de partida\">\n    <\/div>\n\n\n    <div class=\"col-md-3 \">\n      <button type=\"button\" class=\"btn\" id=\"get-direction\">el seu itinerari<\/button>\n    <\/div>\n  <\/form>\n\n  <div id=\"txt-direction\"><\/div>\n<\/div>\n\n<script type=\"text\/javascript\">\n\n\n\twindow['locations_69e2314d099e4'] = [\n\n  {mtitle: 'TROPIQUE DU PAPILLON', maddr:  'RN 114' , mlat:  '42.5922653' , mlongi:  '2.977759399999968' , mimg:  ''},  ];\n\n  window['mapZoom_69e2314d099e4']= 14 ;\n\n<\/script> <strong>Coordonn\u00e9es GPS&nbsp;:<\/strong> lat : 42.5922653 &#8211; lng : 2.977759399999968<\/p>\n<h2>Tarifs :&nbsp;<\/h2>\n<p><strong>Adultes<\/strong> : 12 \u20ac \/ <strong>Enfants<\/strong> de 3 \u00e0 12 ans : 8 \u20ac.&nbsp;<\/p>\n<p><strong>Abonnement pour toute la saison 2025<\/strong>&nbsp;: 25 \u20ac pour un adulte et 20 \u20ac pour un enfant&nbsp;<\/p>\n<p>&nbsp;<\/p>\n<h2>T\u00e9l :<\/h2>\n<p>Pour le Tropique du papillon : 04 68 378 377<\/p>\n<p>&nbsp;<\/p>\n<h2><img decoding=\"async\" class=\"alignnone size-full wp-image-255\" src=\"http:\/\/www.tropique-du-papillon.com\/wp-content\/uploads\/2016\/03\/paiement.png\" alt=\"paiement\" width=\"165\" height=\"28\"><\/h2>\n<p><img decoding=\"async\" class=\"alignnone wp-image-2043\" src=\"https:\/\/www.tropique-du-papillon.com\/wp-content\/uploads\/2016\/03\/1466232956-1-400x119.png\" alt=\"\" width=\"228\" height=\"68\" srcset=\"https:\/\/www.tropique-du-papillon.com\/wp-content\/uploads\/2016\/03\/1466232956-1-400x119.png 400w, https:\/\/www.tropique-du-papillon.com\/wp-content\/uploads\/2016\/03\/1466232956-1.png 600w\" sizes=\"(max-width: 228px) 100vw, 228px\" \/><img decoding=\"async\" class=\"alignnone wp-image-259\" src=\"http:\/\/www.tropique-du-papillon.com\/wp-content\/uploads\/2016\/03\/logos-sud-de-france-qualite-tourisme-format-web.jpg\" alt=\"logos-sud-de-france-&amp;-qualite-tourisme-format-web\" width=\"163\" height=\"71\"><\/p>\n<p class=\"p26\">&nbsp;<\/p>\n","protected":false},"excerpt":{"rendered":"<p>T\u00e9l\u00e9chargez la brochure&nbsp; Buvette et Restauration : &#8220;Le Scarab\u00e9e bar&#8221;, situ\u00e9 \u00e0 l&#8217;entr\u00e9e de la voli\u00e8re, \u00e0 l\u2019ombre des arbres, vous propose des petits mets sal\u00e9es, des cr\u00eapes sucr\u00e9es bio, des glaces et sorbets artisanaux et des boissons fra\u00eeches. Vous pouvez y acc\u00e9der m\u00eame si vous ne visitez pas le parc. Ambiance joyeuse et color\u00e9e [&hellip;]<\/p>\n","protected":false},"author":1,"featured_media":2114,"parent":0,"menu_order":0,"comment_status":"closed","ping_status":"closed","template":"","meta":{"ngg_post_thumbnail":0},"_links":{"self":[{"href":"https:\/\/www.tropique-du-papillon.com\/ca\/wp-json\/wp\/v2\/pages\/1530"}],"collection":[{"href":"https:\/\/www.tropique-du-papillon.com\/ca\/wp-json\/wp\/v2\/pages"}],"about":[{"href":"https:\/\/www.tropique-du-papillon.com\/ca\/wp-json\/wp\/v2\/types\/page"}],"author":[{"embeddable":true,"href":"https:\/\/www.tropique-du-papillon.com\/ca\/wp-json\/wp\/v2\/users\/1"}],"replies":[{"embeddable":true,"href":"https:\/\/www.tropique-du-papillon.com\/ca\/wp-json\/wp\/v2\/comments?post=1530"}],"version-history":[{"count":45,"href":"https:\/\/www.tropique-du-papillon.com\/ca\/wp-json\/wp\/v2\/pages\/1530\/revisions"}],"predecessor-version":[{"id":2558,"href":"https:\/\/www.tropique-du-papillon.com\/ca\/wp-json\/wp\/v2\/pages\/1530\/revisions\/2558"}],"wp:featuredmedia":[{"embeddable":true,"href":"https:\/\/www.tropique-du-papillon.com\/ca\/wp-json\/wp\/v2\/media\/2114"}],"wp:attachment":[{"href":"https:\/\/www.tropique-du-papillon.com\/ca\/wp-json\/wp\/v2\/media?parent=1530"}],"curies":[{"name":"wp","href":"https:\/\/api.w.org\/{rel}","templated":true}]}}