{"id":1524,"date":"2016-08-29T14:55:14","date_gmt":"2016-08-29T13:55:14","guid":{"rendered":"http:\/\/www.tropique-du-papillon.com\/ca\/?page_id=1524"},"modified":"2016-08-29T14:55:14","modified_gmt":"2016-08-29T13:55:14","slug":"el-jardi","status":"publish","type":"page","link":"https:\/\/www.tropique-du-papillon.com\/ca\/el-jardi\/","title":{"rendered":"El jard\u00ed"},"content":{"rendered":"<h2>El jard\u00ed tropical<\/h2>\n<p>El jard\u00ed tropical posseeix un aut\u00e8ntic bi\u00f2top en el qual es controlen la temperatura, la humitat i la lluminositat.<br \/>\nHi descobrireu diverses esp\u00e8cies de plantes rares : aristolochies gigantea, bohenia, falgueres arbori d&#8217;Austr\u00e0lia, col\u00b7lecci\u00f3 de passioneres, thunbergia, beaumontia, murraya, lotus, musa, guaiaber i una \u00e0mplia selecci\u00f3 de plantes subtropicals&#8230;<\/p>\n<h2>Un viatge en una vegetaci\u00f3 tropical !<\/h2>\n<p>Per inter\u00e8s bot\u00e0nic o esteticisme, la selecci\u00f3 de les plantes es fa en relaci\u00f3 de les seves capacitats per a poder alimentar les papallones i erugues.<br \/>\nLa principal nutrici\u00f3 de les papallones resideix en el  n\u00e8ctar i el pol\u00b7len de les flors. D\u2019aquesta manera el jard\u00ed de l\u2019hivernacle es mant\u00e9 florit. (lantanes \/ passioneres etc..).<br \/>\nExisteix una diversitat de plantes hostes, per permetre a les erugues alimentar-se i assegurar la reproducci\u00f3 de les papallones.<br \/>\nngg_shortcode_0_placeholder<\/p>\n","protected":false},"excerpt":{"rendered":"<p>El jard\u00ed tropical El jard\u00ed tropical posseeix un aut\u00e8ntic bi\u00f2top en el qual es controlen la temperatura, la humitat i la lluminositat. Hi descobrireu diverses esp\u00e8cies de plantes rares : aristolochies gigantea, bohenia, falgueres arbori d&#8217;Austr\u00e0lia, col\u00b7lecci\u00f3 de passioneres, thunbergia, beaumontia, murraya, lotus, musa, guaiaber i una \u00e0mplia selecci\u00f3 de plantes subtropicals&#8230; Un viatge en [&hellip;]<\/p>\n","protected":false},"author":1,"featured_media":119,"parent":0,"menu_order":0,"comment_status":"closed","ping_status":"closed","template":"","meta":{"ngg_post_thumbnail":0},"_links":{"self":[{"href":"https:\/\/www.tropique-du-papillon.com\/ca\/wp-json\/wp\/v2\/pages\/1524"}],"collection":[{"href":"https:\/\/www.tropique-du-papillon.com\/ca\/wp-json\/wp\/v2\/pages"}],"about":[{"href":"https:\/\/www.tropique-du-papillon.com\/ca\/wp-json\/wp\/v2\/types\/page"}],"author":[{"embeddable":true,"href":"https:\/\/www.tropique-du-papillon.com\/ca\/wp-json\/wp\/v2\/users\/1"}],"replies":[{"embeddable":true,"href":"https:\/\/www.tropique-du-papillon.com\/ca\/wp-json\/wp\/v2\/comments?post=1524"}],"version-history":[{"count":2,"href":"https:\/\/www.tropique-du-papillon.com\/ca\/wp-json\/wp\/v2\/pages\/1524\/revisions"}],"predecessor-version":[{"id":1526,"href":"https:\/\/www.tropique-du-papillon.com\/ca\/wp-json\/wp\/v2\/pages\/1524\/revisions\/1526"}],"wp:featuredmedia":[{"embeddable":true,"href":"https:\/\/www.tropique-du-papillon.com\/ca\/wp-json\/wp\/v2\/media\/119"}],"wp:attachment":[{"href":"https:\/\/www.tropique-du-papillon.com\/ca\/wp-json\/wp\/v2\/media?parent=1524"}],"curies":[{"name":"wp","href":"https:\/\/api.w.org\/{rel}","templated":true}]}}