{"id":1519,"date":"2016-08-29T14:51:14","date_gmt":"2016-08-29T13:51:14","guid":{"rendered":"http:\/\/www.tropique-du-papillon.com\/ca\/?page_id=1519"},"modified":"2016-11-14T11:18:17","modified_gmt":"2016-11-14T10:18:17","slug":"el-concepte","status":"publish","type":"page","link":"https:\/\/www.tropique-du-papillon.com\/ca\/locellera\/el-concepte\/","title":{"rendered":"El concepte"},"content":{"rendered":"<h2>La idea de crear una ocellera de papallones<\/h2>\n<p>El Tr\u00f2pic de les papallones \u00e9s el resultat de molts anys d\u2019investigaci\u00f3; \u00c9s una empresa privada que no es beneficia de cap subvenci\u00f3 ni de cap recolzament econ\u00f2mic. Nom\u00e9s els drets de les entrades i dels productes annexos permeten el seu funcionament.<\/p>\n<div style=\"width: 768px;\" class=\"wp-video\"><!--[if lt IE 9]><script>document.createElement('video');<\/script><![endif]-->\n<video class=\"wp-video-shortcode\" id=\"video-1519-1\" width=\"768\" height=\"432\" poster=\"http:\/\/www.tropique-du-papillon.com\/wp-content\/uploads\/2016\/03\/page-header-7.jpg\" preload=\"metadata\" controls=\"controls\"><source type=\"video\/mp4\" src=\"http:\/\/www.tropique-du-papillon.com\/wp-content\/uploads\/2016\/04\/festival-20ans.mp4?_=1\" \/><a href=\"http:\/\/www.tropique-du-papillon.com\/wp-content\/uploads\/2016\/04\/festival-20ans.mp4\">http:\/\/www.tropique-du-papillon.com\/wp-content\/uploads\/2016\/04\/festival-20ans.mp4<\/a><\/video><\/div>\n<p>&nbsp;<\/p>\n<p>Al principi, Alain Bruno feia l&#8217;ofici de plantar llavors de plantes subtropicals rares, i m\u00e9s tard l\u2019any 1992 s&#8217;instal\u00b7l\u00e0 al seu compte a Elna, als Pirineus Orientals. Un client li va encomanar una plantaci\u00f3 per una granja de papallones. La idea el va seduir.  Aleshores va decidir construir la seva pr\u00f2pia ocellera.<br \/>\nDes de aleshores, el conjunt de la seva fam\u00edlia es va apassionar pels lepid\u00f2pters i cadasc\u00fa, a la seva manera, va entrar en el negoci donant-li un car\u00e0cter familiar, i aix\u00ed sereu rebuts,  familiarment.<br \/>\nLes ganes de transmetre aquesta passi\u00f3 \u00e9s mescla amb el desig de compartir aquests moments de bellesa, orientant el conjunt de les instal\u00b7lacions: ocellera, jardins o bar \/ xiringuito. L\u2019atmosfera \u00e9s agradable i tranquil\u00b7la.<\/p>\n<div>\n<h2><img decoding=\"async\" class=\"size-full wp-image-713\" style=\"margin-right: 10px;\" src=\"http:\/\/www.tropique-du-papillon.com\/wp-content\/uploads\/2016\/04\/logo_francebleu.png\" alt=\"logo_francebleu\" width=\"120\" height=\"120\" \/>Interview \u00a0sur radio france bleu roussillon. 2015<\/h2>\n<\/div>\n<p>&nbsp;<\/p>\n<p>Partie 1<\/p>\n<!--[if lt IE 9]><script>document.createElement('audio');<\/script><![endif]-->\n<audio class=\"wp-audio-shortcode\" id=\"audio-1519-1\" preload=\"none\" style=\"width: 100%;\" controls=\"controls\"><source type=\"audio\/mpeg\" src=\"http:\/\/www.tropique-du-papillon.com\/wp-content\/uploads\/2016\/04\/papillons-radio-france-bleu-roussillon-1.mp3?_=1\" \/><a href=\"http:\/\/www.tropique-du-papillon.com\/wp-content\/uploads\/2016\/04\/papillons-radio-france-bleu-roussillon-1.mp3\">http:\/\/www.tropique-du-papillon.com\/wp-content\/uploads\/2016\/04\/papillons-radio-france-bleu-roussillon-1.mp3<\/a><\/audio>\n<p>&nbsp;<\/p>\n<p>Partie 2<\/p>\n<audio class=\"wp-audio-shortcode\" id=\"audio-1519-2\" preload=\"none\" style=\"width: 100%;\" controls=\"controls\"><source type=\"audio\/mpeg\" src=\"http:\/\/www.tropique-du-papillon.com\/wp-content\/uploads\/2016\/04\/papillons-radio-france-bleu-roussillon-2.mp3?_=2\" \/><a href=\"http:\/\/www.tropique-du-papillon.com\/wp-content\/uploads\/2016\/04\/papillons-radio-france-bleu-roussillon-2.mp3\">http:\/\/www.tropique-du-papillon.com\/wp-content\/uploads\/2016\/04\/papillons-radio-france-bleu-roussillon-2.mp3<\/a><\/audio>\n","protected":false},"excerpt":{"rendered":"<p>La idea de crear una ocellera de papallones El Tr\u00f2pic de les papallones \u00e9s el resultat de molts anys d\u2019investigaci\u00f3; \u00c9s una empresa privada que no es beneficia de cap subvenci\u00f3 ni de cap recolzament econ\u00f2mic. Nom\u00e9s els drets de les entrades i dels productes annexos permeten el seu funcionament. &nbsp; Al principi, Alain Bruno [&hellip;]<\/p>\n","protected":false},"author":1,"featured_media":652,"parent":1506,"menu_order":0,"comment_status":"closed","ping_status":"closed","template":"","meta":{"ngg_post_thumbnail":0},"_links":{"self":[{"href":"https:\/\/www.tropique-du-papillon.com\/ca\/wp-json\/wp\/v2\/pages\/1519"}],"collection":[{"href":"https:\/\/www.tropique-du-papillon.com\/ca\/wp-json\/wp\/v2\/pages"}],"about":[{"href":"https:\/\/www.tropique-du-papillon.com\/ca\/wp-json\/wp\/v2\/types\/page"}],"author":[{"embeddable":true,"href":"https:\/\/www.tropique-du-papillon.com\/ca\/wp-json\/wp\/v2\/users\/1"}],"replies":[{"embeddable":true,"href":"https:\/\/www.tropique-du-papillon.com\/ca\/wp-json\/wp\/v2\/comments?post=1519"}],"version-history":[{"count":2,"href":"https:\/\/www.tropique-du-papillon.com\/ca\/wp-json\/wp\/v2\/pages\/1519\/revisions"}],"predecessor-version":[{"id":1582,"href":"https:\/\/www.tropique-du-papillon.com\/ca\/wp-json\/wp\/v2\/pages\/1519\/revisions\/1582"}],"up":[{"embeddable":true,"href":"https:\/\/www.tropique-du-papillon.com\/ca\/wp-json\/wp\/v2\/pages\/1506"}],"wp:featuredmedia":[{"embeddable":true,"href":"https:\/\/www.tropique-du-papillon.com\/ca\/wp-json\/wp\/v2\/media\/652"}],"wp:attachment":[{"href":"https:\/\/www.tropique-du-papillon.com\/ca\/wp-json\/wp\/v2\/media?parent=1519"}],"curies":[{"name":"wp","href":"https:\/\/api.w.org\/{rel}","templated":true}]}}