{"id":1514,"date":"2016-08-29T14:50:14","date_gmt":"2016-08-29T13:50:14","guid":{"rendered":"http:\/\/www.tropique-du-papillon.com\/ca\/?page_id=1514"},"modified":"2016-08-29T15:11:44","modified_gmt":"2016-08-29T14:11:44","slug":"les-granges-de-papallones","status":"publish","type":"page","link":"https:\/\/www.tropique-du-papillon.com\/ca\/locellera\/les-granges-de-papallones\/","title":{"rendered":"Les granges de papallones"},"content":{"rendered":"<p><img decoding=\"async\" class=\"alignleft size-medium wp-image-678\" src=\"http:\/\/www.tropique-du-papillon.com\/wp-content\/uploads\/2016\/04\/IMG_5851-400x585.jpg\" alt=\"IMG_5851\" width=\"400\" height=\"585\" srcset=\"https:\/\/www.tropique-du-papillon.com\/wp-content\/uploads\/2016\/04\/IMG_5851-400x585.jpg 400w, https:\/\/www.tropique-du-papillon.com\/wp-content\/uploads\/2016\/04\/IMG_5851-800x1169.jpg 800w\" sizes=\"(max-width: 400px) 100vw, 400px\" \/><br \/>\nLa majoria de papallones de l\u2019ocellera provenen de granges d\u2019Am\u00e8rica Central, del Sud i d&#8217;\u00c0sia, i arriben en forma de cris\u00e0lides. Aquestes granges tenen la denominaci\u00f3 d&#8217;equitable (Comer\u00e7 Just). Participen a la protecci\u00f3 de la natura i al comer\u00e7 just, ajudant d\u2019aquesta manera a les comunitats locals a desenvolupar llur regi\u00f3 allunyada de tot.<br \/>\nPer\u00f2 aix\u00f2 permet tamb\u00e9 que prenguin consci\u00e8ncia que el bosc \u00e9s un recurs que cal protegir.<br \/>\nQuan arriben les cris\u00e0lides (300 per setmana), i despr\u00e9s d\u2019haver-les controlat, es posen amb delicadesa en una incubadora, en la qual la humitat i la calor es regulen minuciosament. Al bell mig de l\u2019hivernacle, hi ha naixements cada dia i els podeu veure directament.<\/p>\n<p>La voluntat de fer con\u00e8ixer les papallones de la nostra regi\u00f3 ens ha portat a presentar-vos les plantes que les alimenten . L\u2019objectiu \u00e9s afavorir la biodiversitat, i us expliquem la manera de preservar les papallones al nostre pa\u00eds. Amb petits actes senzills tamb\u00e9 podeu afavorir la seva pres\u00e8ncia en els vostres jardins.<\/p>\n<p><img decoding=\"async\" class=\"alignleft wp-image-535 size-large\" src=\"http:\/\/www.tropique-du-papillon.com\/wp-content\/uploads\/2016\/04\/0008-e1460722700974-800x527.jpg\" alt=\"0008\" width=\"800\" height=\"527\" srcset=\"https:\/\/www.tropique-du-papillon.com\/wp-content\/uploads\/2016\/04\/0008-e1460722700974-800x527.jpg 800w, https:\/\/www.tropique-du-papillon.com\/wp-content\/uploads\/2016\/04\/0008-e1460722700974-400x263.jpg 400w\" sizes=\"(max-width: 800px) 100vw, 800px\" \/><\/p>\n","protected":false},"excerpt":{"rendered":"<p>La majoria de papallones de l\u2019ocellera provenen de granges d\u2019Am\u00e8rica Central, del Sud i d&#8217;\u00c0sia, i arriben en forma de cris\u00e0lides. Aquestes granges tenen la denominaci\u00f3 d&#8217;equitable (Comer\u00e7 Just). Participen a la protecci\u00f3 de la natura i al comer\u00e7 just, ajudant d\u2019aquesta manera a les comunitats locals a desenvolupar llur regi\u00f3 allunyada de tot. Per\u00f2 [&hellip;]<\/p>\n","protected":false},"author":1,"featured_media":646,"parent":1506,"menu_order":0,"comment_status":"closed","ping_status":"closed","template":"","meta":{"ngg_post_thumbnail":0},"_links":{"self":[{"href":"https:\/\/www.tropique-du-papillon.com\/ca\/wp-json\/wp\/v2\/pages\/1514"}],"collection":[{"href":"https:\/\/www.tropique-du-papillon.com\/ca\/wp-json\/wp\/v2\/pages"}],"about":[{"href":"https:\/\/www.tropique-du-papillon.com\/ca\/wp-json\/wp\/v2\/types\/page"}],"author":[{"embeddable":true,"href":"https:\/\/www.tropique-du-papillon.com\/ca\/wp-json\/wp\/v2\/users\/1"}],"replies":[{"embeddable":true,"href":"https:\/\/www.tropique-du-papillon.com\/ca\/wp-json\/wp\/v2\/comments?post=1514"}],"version-history":[{"count":2,"href":"https:\/\/www.tropique-du-papillon.com\/ca\/wp-json\/wp\/v2\/pages\/1514\/revisions"}],"predecessor-version":[{"id":1550,"href":"https:\/\/www.tropique-du-papillon.com\/ca\/wp-json\/wp\/v2\/pages\/1514\/revisions\/1550"}],"up":[{"embeddable":true,"href":"https:\/\/www.tropique-du-papillon.com\/ca\/wp-json\/wp\/v2\/pages\/1506"}],"wp:featuredmedia":[{"embeddable":true,"href":"https:\/\/www.tropique-du-papillon.com\/ca\/wp-json\/wp\/v2\/media\/646"}],"wp:attachment":[{"href":"https:\/\/www.tropique-du-papillon.com\/ca\/wp-json\/wp\/v2\/media?parent=1514"}],"curies":[{"name":"wp","href":"https:\/\/api.w.org\/{rel}","templated":true}]}}