{"id":1508,"date":"2016-08-29T14:47:54","date_gmt":"2016-08-29T13:47:54","guid":{"rendered":"http:\/\/www.tropique-du-papillon.com\/ca\/?page_id=1508"},"modified":"2016-08-29T14:47:54","modified_gmt":"2016-08-29T13:47:54","slug":"la-vida-duna-papallona","status":"publish","type":"page","link":"https:\/\/www.tropique-du-papillon.com\/ca\/locellera\/la-vida-duna-papallona\/","title":{"rendered":"La vida d\u2019una papallona"},"content":{"rendered":"<h2>Amb la vostra fam\u00edlia anireu explorant \u2026<\/h2>\n<p>Aqu\u00ed hi veieu, una exhibici\u00f3 de festeig que us va rodant al voltant; all\u00e0 baix dues papallones que s\u2019acoblen sota les fulles d\u2019un Murraya.<br \/>\nAl ritme de l\u2019ocellera, una papallona voleteja fren\u00e8ticament en un vol est\u00e0tic davant d\u2019una flor, xuclant el seu pol\u00b7len; un poc m\u00e9s lluny la trompa d\u2019una papallona es deslliga, i xarrupa el suc d\u2019una banana ben madura que hi ha al centre d\u2019un plat. Tota la fam\u00edlia es queda admirativa davant d\u2019una cuca acolorida que corre sobre una tija per devorar les fulles fresques d\u2019una flor de la passi\u00f3.<\/p>\n<h2>Un espectacle permanent<\/h2>\n<p>Una papallona neix i de seguit desplega les ales, posa els ous amb delicadesa en una fulla d\u2019un bananer; un larva comen\u00e7a la seva metamorfosi; unes taques oculars de les  ales d&#8217;una papallona sembla que us observen; una altra se sent atreta pel vostre perfum o pel vostre vestit de flors i se us posa a sobre\u2026<\/p>\n<blockquote><p>A cada pas, a cada escena, ni us goseu moure&#8230;<\/p><\/blockquote>\nngg_shortcode_0_placeholder\n","protected":false},"excerpt":{"rendered":"<p>Amb la vostra fam\u00edlia anireu explorant \u2026 Aqu\u00ed hi veieu, una exhibici\u00f3 de festeig que us va rodant al voltant; all\u00e0 baix dues papallones que s\u2019acoblen sota les fulles d\u2019un Murraya. Al ritme de l\u2019ocellera, una papallona voleteja fren\u00e8ticament en un vol est\u00e0tic davant d\u2019una flor, xuclant el seu pol\u00b7len; un poc m\u00e9s lluny la [&hellip;]<\/p>\n","protected":false},"author":1,"featured_media":643,"parent":1506,"menu_order":0,"comment_status":"closed","ping_status":"closed","template":"","meta":{"ngg_post_thumbnail":0},"_links":{"self":[{"href":"https:\/\/www.tropique-du-papillon.com\/ca\/wp-json\/wp\/v2\/pages\/1508"}],"collection":[{"href":"https:\/\/www.tropique-du-papillon.com\/ca\/wp-json\/wp\/v2\/pages"}],"about":[{"href":"https:\/\/www.tropique-du-papillon.com\/ca\/wp-json\/wp\/v2\/types\/page"}],"author":[{"embeddable":true,"href":"https:\/\/www.tropique-du-papillon.com\/ca\/wp-json\/wp\/v2\/users\/1"}],"replies":[{"embeddable":true,"href":"https:\/\/www.tropique-du-papillon.com\/ca\/wp-json\/wp\/v2\/comments?post=1508"}],"version-history":[{"count":2,"href":"https:\/\/www.tropique-du-papillon.com\/ca\/wp-json\/wp\/v2\/pages\/1508\/revisions"}],"predecessor-version":[{"id":1513,"href":"https:\/\/www.tropique-du-papillon.com\/ca\/wp-json\/wp\/v2\/pages\/1508\/revisions\/1513"}],"up":[{"embeddable":true,"href":"https:\/\/www.tropique-du-papillon.com\/ca\/wp-json\/wp\/v2\/pages\/1506"}],"wp:featuredmedia":[{"embeddable":true,"href":"https:\/\/www.tropique-du-papillon.com\/ca\/wp-json\/wp\/v2\/media\/643"}],"wp:attachment":[{"href":"https:\/\/www.tropique-du-papillon.com\/ca\/wp-json\/wp\/v2\/media?parent=1508"}],"curies":[{"name":"wp","href":"https:\/\/api.w.org\/{rel}","templated":true}]}}