{"id":1506,"date":"2016-08-29T14:46:26","date_gmt":"2016-08-29T13:46:26","guid":{"rendered":"http:\/\/www.tropique-du-papillon.com\/ca\/?page_id=1506"},"modified":"2016-08-29T14:46:26","modified_gmt":"2016-08-29T13:46:26","slug":"locellera","status":"publish","type":"page","link":"https:\/\/www.tropique-du-papillon.com\/ca\/locellera\/","title":{"rendered":"l\u2019Ocellera"},"content":{"rendered":"<h2>La m\u00e0gia de l\u2019ocellera<\/h2>\n<p>Les papallones provenen d&#8217;\u00c0sia i d\u2019Am\u00e8rica llatina.<br \/>\nS\u00f3n m\u00e9s grans i amb m\u00e9s colors que les papallones d\u2019Europa. A l\u2019ocellera hi viureu un par\u00e8ntesis fora del temps. Entreu en el m\u00f3n de les papallones per assistir a un espectacle incre\u00efble: el vol de la papallona.<br \/>\nngg_shortcode_0_placeholder<\/p>\n","protected":false},"excerpt":{"rendered":"<p>La m\u00e0gia de l\u2019ocellera Les papallones provenen d&#8217;\u00c0sia i d\u2019Am\u00e8rica llatina. S\u00f3n m\u00e9s grans i amb m\u00e9s colors que les papallones d\u2019Europa. A l\u2019ocellera hi viureu un par\u00e8ntesis fora del temps. Entreu en el m\u00f3n de les papallones per assistir a un espectacle incre\u00efble: el vol de la papallona.<\/p>\n","protected":false},"author":1,"featured_media":229,"parent":0,"menu_order":0,"comment_status":"closed","ping_status":"closed","template":"","meta":{"ngg_post_thumbnail":0},"_links":{"self":[{"href":"https:\/\/www.tropique-du-papillon.com\/ca\/wp-json\/wp\/v2\/pages\/1506"}],"collection":[{"href":"https:\/\/www.tropique-du-papillon.com\/ca\/wp-json\/wp\/v2\/pages"}],"about":[{"href":"https:\/\/www.tropique-du-papillon.com\/ca\/wp-json\/wp\/v2\/types\/page"}],"author":[{"embeddable":true,"href":"https:\/\/www.tropique-du-papillon.com\/ca\/wp-json\/wp\/v2\/users\/1"}],"replies":[{"embeddable":true,"href":"https:\/\/www.tropique-du-papillon.com\/ca\/wp-json\/wp\/v2\/comments?post=1506"}],"version-history":[{"count":1,"href":"https:\/\/www.tropique-du-papillon.com\/ca\/wp-json\/wp\/v2\/pages\/1506\/revisions"}],"predecessor-version":[{"id":1507,"href":"https:\/\/www.tropique-du-papillon.com\/ca\/wp-json\/wp\/v2\/pages\/1506\/revisions\/1507"}],"wp:featuredmedia":[{"embeddable":true,"href":"https:\/\/www.tropique-du-papillon.com\/ca\/wp-json\/wp\/v2\/media\/229"}],"wp:attachment":[{"href":"https:\/\/www.tropique-du-papillon.com\/ca\/wp-json\/wp\/v2\/media?parent=1506"}],"curies":[{"name":"wp","href":"https:\/\/api.w.org\/{rel}","templated":true}]}}